{"id":36,"date":"2025-07-29T15:09:01","date_gmt":"2025-07-29T15:09:01","guid":{"rendered":"https:\/\/capazurmobilite.com\/?page_id=36"},"modified":"2025-11-03T19:09:52","modified_gmt":"2025-11-03T19:09:52","slug":"accueil","status":"publish","type":"page","link":"https:\/\/capazurmobilite.com\/","title":{"rendered":"Accueil"},"content":{"rendered":"\t\t<div data-elementor-type=\"wp-page\" data-elementor-id=\"36\" class=\"elementor elementor-36\" data-elementor-post-type=\"page\">\n\t\t\t\t<div class=\"elementor-element elementor-element-2e1c94a e-con-full e-flex e-con e-parent\" data-id=\"2e1c94a\" data-element_type=\"container\" data-e-type=\"container\" data-settings=\"{&quot;background_background&quot;:&quot;slideshow&quot;,&quot;background_slideshow_gallery&quot;:[{&quot;id&quot;:601,&quot;url&quot;:&quot;http:\\\/\\\/capazurmobilite.com\\\/wp-content\\\/uploads\\\/2025\\\/08\\\/shutterstock_1081002263-1-scaled-e1756041125680.jpg&quot;}],&quot;background_slideshow_loop&quot;:&quot;yes&quot;,&quot;background_slideshow_slide_duration&quot;:5000,&quot;background_slideshow_slide_transition&quot;:&quot;fade&quot;,&quot;background_slideshow_transition_duration&quot;:500}\">\n\t\t<div class=\"elementor-element elementor-element-d8af1e0 e-con-full e-flex e-con e-child\" data-id=\"d8af1e0\" data-element_type=\"container\" data-e-type=\"container\" data-settings=\"{&quot;background_background&quot;:&quot;slideshow&quot;,&quot;background_slideshow_gallery&quot;:[{&quot;id&quot;:465,&quot;url&quot;:&quot;http:\\\/\\\/capazurmobilite.com\\\/wp-content\\\/uploads\\\/2025\\\/08\\\/shutterstock_1081002263-e1755201886108.jpeg&quot;}],&quot;background_slideshow_loop&quot;:&quot;yes&quot;,&quot;background_slideshow_slide_duration&quot;:5000,&quot;background_slideshow_slide_transition&quot;:&quot;fade&quot;,&quot;background_slideshow_transition_duration&quot;:500}\">\n\t\t<div class=\"elementor-element elementor-element-688e805 e-grid e-con-full e-con e-child\" data-id=\"688e805\" data-element_type=\"container\" data-e-type=\"container\">\n\t\t\t\t<div class=\"elementor-element elementor-element-52a6d6a elementor-widget elementor-widget-spacer\" data-id=\"52a6d6a\" data-element_type=\"widget\" data-e-type=\"widget\" data-settings=\"{&quot;htmega_fe&quot;:&quot;no&quot;}\" data-widget_type=\"spacer.default\">\n\t\t\t\t\t\t\t<div class=\"elementor-spacer\">\n\t\t\t<div class=\"elementor-spacer-inner\"><\/div>\n\t\t<\/div>\n\t\t\t\t\t\t<\/div>\n\t\t\t\t<div class=\"elementor-element elementor-element-a788642 elementor-widget elementor-widget-spacer\" data-id=\"a788642\" data-element_type=\"widget\" data-e-type=\"widget\" data-settings=\"{&quot;htmega_fe&quot;:&quot;no&quot;}\" data-widget_type=\"spacer.default\">\n\t\t\t\t\t\t\t<div class=\"elementor-spacer\">\n\t\t\t<div class=\"elementor-spacer-inner\"><\/div>\n\t\t<\/div>\n\t\t\t\t\t\t<\/div>\n\t\t\t\t<\/div>\n\t\t\t\t<\/div>\n\t\t\t\t<\/div>\n\t\t<div class=\"elementor-element elementor-element-314545b e-flex e-con-boxed e-con e-parent\" data-id=\"314545b\" data-element_type=\"container\" data-e-type=\"container\">\n\t\t\t\t\t<div class=\"e-con-inner\">\n\t\t<div class=\"elementor-element elementor-element-2bb0d9c e-con-full e-flex e-con e-child\" data-id=\"2bb0d9c\" data-element_type=\"container\" data-e-type=\"container\">\n\t\t\t\t<\/div>\n\t\t\t\t\t<\/div>\n\t\t\t\t<\/div>\n\t\t<div class=\"elementor-element elementor-element-ca5e8dc e-flex e-con-boxed e-con e-parent\" data-id=\"ca5e8dc\" data-element_type=\"container\" data-e-type=\"container\">\n\t\t\t\t\t<div class=\"e-con-inner\">\n\t\t<div class=\"elementor-element elementor-element-f587d84 e-con-full e-flex e-con e-child\" data-id=\"f587d84\" data-element_type=\"container\" data-e-type=\"container\">\n\t\t<div class=\"elementor-element elementor-element-bf5ea87 e-con-full e-grid e-con e-child\" data-id=\"bf5ea87\" data-element_type=\"container\" data-e-type=\"container\">\n\t\t\t\t<div class=\"elementor-element elementor-element-8611f31 elementor-widget__width-initial elementor-widget elementor-widget-heading\" data-id=\"8611f31\" data-element_type=\"widget\" data-e-type=\"widget\" data-settings=\"{&quot;htmega_fe&quot;:&quot;no&quot;}\" data-widget_type=\"heading.default\">\n\t\t\t\t\t<h2 class=\"elementor-heading-title elementor-size-default\">Notre objectif : votre salari\u00e9 efficace imm\u00e9diatement.<br>            Nous facilitons l\u2019int\u00e9gration&nbsp;de&nbsp;vos&nbsp; talents.<\/h2>\t\t\t\t<\/div>\n\t\t\t\t<div class=\"elementor-element elementor-element-ff6e1ed elementor-widget elementor-widget-heading\" data-id=\"ff6e1ed\" data-element_type=\"widget\" data-e-type=\"widget\" data-settings=\"{&quot;htmega_fe&quot;:&quot;no&quot;}\" data-widget_type=\"heading.default\">\n\t\t\t\t\t<h3 class=\"elementor-heading-title elementor-size-default\">Aide \u00e0 l\u2019installation des salari\u00e9s en mobilit\u00e9 g\u00e9ographique dans leur nouveau logement en minimisant l\u2019impact sur leur nouvelle prise de fonction.<\/h3>\t\t\t\t<\/div>\n\t\t\t\t<\/div>\n\t\t\t\t<\/div>\n\t\t<div class=\"elementor-element elementor-element-f6d3999 e-con-full e-flex e-con e-child\" data-id=\"f6d3999\" data-element_type=\"container\" data-e-type=\"container\">\n\t\t\t\t<div class=\"elementor-element elementor-element-7e636b1 elementor-widget elementor-widget-image\" data-id=\"7e636b1\" data-element_type=\"widget\" data-e-type=\"widget\" data-settings=\"{&quot;htmega_fe&quot;:&quot;no&quot;}\" data-widget_type=\"image.default\">\n\t\t\t\t\t\t\t\t\t\t\t\t\t\t\t<img fetchpriority=\"high\" decoding=\"async\" width=\"768\" height=\"768\" src=\"https:\/\/capazurmobilite.com\/wp-content\/uploads\/2025\/08\/maison-mots-768x768.png\" class=\"attachment-medium_large size-medium_large wp-image-603\" alt=\"\" srcset=\"https:\/\/capazurmobilite.com\/wp-content\/uploads\/2025\/08\/maison-mots-768x768.png 768w, https:\/\/capazurmobilite.com\/wp-content\/uploads\/2025\/08\/maison-mots-300x300.png 300w, https:\/\/capazurmobilite.com\/wp-content\/uploads\/2025\/08\/maison-mots-1024x1024.png 1024w, https:\/\/capazurmobilite.com\/wp-content\/uploads\/2025\/08\/maison-mots-150x150.png 150w, https:\/\/capazurmobilite.com\/wp-content\/uploads\/2025\/08\/maison-mots-1536x1536.png 1536w, https:\/\/capazurmobilite.com\/wp-content\/uploads\/2025\/08\/maison-mots.png 1600w\" sizes=\"(max-width: 768px) 100vw, 768px\" \/>\t\t\t\t\t\t\t\t\t\t\t\t\t\t\t<\/div>\n\t\t\t\t<\/div>\n\t\t\t\t\t<\/div>\n\t\t\t\t<\/div>\n\t\t\t\t<\/div>\n\t\t","protected":false},"excerpt":{"rendered":"<p>Notre objectif : votre salari\u00e9 efficace imm\u00e9diatement. Nous facilitons l\u2019int\u00e9gration&nbsp;de&nbsp;vos&nbsp; talents. Aide \u00e0 l\u2019installation des salari\u00e9s en mobilit\u00e9 g\u00e9ographique dans leur nouveau logement en minimisant l\u2019impact sur leur nouvelle prise de fonction.<\/p>\n","protected":false},"author":1,"featured_media":0,"parent":0,"menu_order":0,"comment_status":"closed","ping_status":"closed","template":"","meta":{"footnotes":""},"class_list":["post-36","page","type-page","status-publish","hentry"],"_links":{"self":[{"href":"https:\/\/capazurmobilite.com\/index.php?rest_route=\/wp\/v2\/pages\/36","targetHints":{"allow":["GET"]}}],"collection":[{"href":"https:\/\/capazurmobilite.com\/index.php?rest_route=\/wp\/v2\/pages"}],"about":[{"href":"https:\/\/capazurmobilite.com\/index.php?rest_route=\/wp\/v2\/types\/page"}],"author":[{"embeddable":true,"href":"https:\/\/capazurmobilite.com\/index.php?rest_route=\/wp\/v2\/users\/1"}],"replies":[{"embeddable":true,"href":"https:\/\/capazurmobilite.com\/index.php?rest_route=%2Fwp%2Fv2%2Fcomments&post=36"}],"version-history":[{"count":253,"href":"https:\/\/capazurmobilite.com\/index.php?rest_route=\/wp\/v2\/pages\/36\/revisions"}],"predecessor-version":[{"id":714,"href":"https:\/\/capazurmobilite.com\/index.php?rest_route=\/wp\/v2\/pages\/36\/revisions\/714"}],"wp:attachment":[{"href":"https:\/\/capazurmobilite.com\/index.php?rest_route=%2Fwp%2Fv2%2Fmedia&parent=36"}],"curies":[{"name":"wp","href":"https:\/\/api.w.org\/{rel}","templated":true}]}}