{"id":291,"date":"2025-08-04T14:29:40","date_gmt":"2025-08-04T14:29:40","guid":{"rendered":"https:\/\/capazurmobilite.com\/?page_id=291"},"modified":"2025-08-24T14:16:30","modified_gmt":"2025-08-24T14:16:30","slug":"mention-legal","status":"publish","type":"page","link":"https:\/\/capazurmobilite.com\/?page_id=291","title":{"rendered":"Mentions l\u00e9gales"},"content":{"rendered":"\n<p class=\"has-medium-font-size\"><strong>\u00c9diteurs du site :<\/strong> Ce site est \u00e9dit\u00e9 par :<\/p>\n\n\n\n<p class=\"has-medium-font-size\">Val\u00e9rie Kubala <\/p>\n\n\n\n<p class=\"has-medium-font-size\">T\u00e9l : 07.82.67.32.73<\/p>\n\n\n\n<p class=\"has-medium-font-size\">Courriel : <a class=\"\" href=\"mailto:contact@capazurmobilite.com\" target=\"_blank\" rel=\"noreferrer noopener\">contact@capazurmobilite.com<\/a> <\/p>\n\n\n\n<p class=\"has-medium-font-size\">Num\u00e9ro de SIRET : 918 944 711 00012 Code APE : 7022Z<\/p>\n\n\n\n<p class=\"has-medium-font-size\">Capucine Dellamonica <\/p>\n\n\n\n<p class=\"has-medium-font-size\">T\u00e9l : 06.61.18.97.68 <\/p>\n\n\n\n<p class=\"has-medium-font-size\">Courriel : <a class=\"\" href=\"mailto:contact@capazurmobilite.com\" target=\"_blank\" rel=\"noreferrer noopener\">contact@capazurmobilite.com<\/a> <\/p>\n\n\n\n<p class=\"has-medium-font-size\">Num\u00e9ro de SIRET : 805 094 737 00022 Code APE : 7022Z<\/p>\n\n\n\n<p class=\"has-medium-font-size\"><strong>D\u00e9veloppeur du site :<\/strong> Lo\u00efc Gr\u00e9haigne <\/p>\n\n\n\n<p class=\"has-medium-font-size\">T\u00e9l : 07.78.02.29.59 <\/p>\n\n\n\n<p class=\"has-medium-font-size\">Courriel : <a class=\"\" href=\"mailto:loic.grehaigne@gmail.com\" target=\"_blank\" rel=\"noreferrer noopener\">loic.grehaigne@gmail.com<\/a><\/p>\n\n\n\n<p class=\"has-medium-font-size\"><strong>H\u00e9bergeur du site :<\/strong> Le site est h\u00e9berg\u00e9 par OVH, 2 rue Kellermann, 59100 Roubaix, France.<\/p>\n\n\n\n<p class=\"has-medium-font-size\"><strong>Protection des donn\u00e9es personnelles :<\/strong> Conform\u00e9ment \u00e0 la r\u00e9glementation en vigueur, notamment le R\u00e8glement G\u00e9n\u00e9ral sur la Protection des Donn\u00e9es (RGPD), nous nous engageons \u00e0 prot\u00e9ger les donn\u00e9es personnelles des utilisateurs de notre site. Pour plus d&#8217;informations, veuillez consulter notre politique de confidentialit\u00e9.<\/p>\n\n\n\n<p class=\"has-medium-font-size\"><strong>Propri\u00e9t\u00e9 intellectuelle :<\/strong> L&#8217;ensemble du contenu du site Cap Azur Mobilit\u00e9, incluant les textes, images, graphiques, et logos, est la propri\u00e9t\u00e9 exclusive de Cap Azur Mobilit\u00e9, sauf mention contraire. Toute reproduction ou utilisation non autoris\u00e9e de ces contenus est strictement interdite.<\/p>\n\n\n\n<p class=\"has-medium-font-size\"><strong>Droit Applicable et Juridiction :<\/strong> Les pr\u00e9sentes mentions l\u00e9gales sont r\u00e9gies par le droit fran\u00e7ais. En cas de litige, les tribunaux fran\u00e7ais seront seuls comp\u00e9tents.<\/p>\n\n\n\n<p class=\"has-medium-font-size\"><strong>Modification des Mentions L\u00e9gales :<\/strong> Les pr\u00e9sentes mentions l\u00e9gales peuvent \u00eatre modifi\u00e9es \u00e0 tout moment. Les utilisateurs seront inform\u00e9s de ces modifications par une mise \u00e0 jour de cette page. Il est donc conseill\u00e9 aux utilisateurs de consulter r\u00e9guli\u00e8rement cette section pour prendre connaissance des \u00e9ventuelles modifications.<\/p>\n\n\n\n<p><\/p>\n","protected":false},"excerpt":{"rendered":"<p>\u00c9diteurs du site : Ce site est \u00e9dit\u00e9 par : Val\u00e9rie Kubala T\u00e9l : 07.82.67.32.73 Courriel : contact@capazurmobilite.com Num\u00e9ro de SIRET : 918 944 711 00012 Code APE : 7022Z Capucine Dellamonica T\u00e9l : 06.61.18.97.68 Courriel : contact@capazurmobilite.com Num\u00e9ro de SIRET : 805 094 737 00022 Code APE : 7022Z D\u00e9veloppeur du site : Lo\u00efc [&hellip;]<\/p>\n","protected":false},"author":1,"featured_media":0,"parent":0,"menu_order":0,"comment_status":"closed","ping_status":"closed","template":"","meta":{"footnotes":""},"class_list":["post-291","page","type-page","status-publish","hentry"],"_links":{"self":[{"href":"https:\/\/capazurmobilite.com\/index.php?rest_route=\/wp\/v2\/pages\/291","targetHints":{"allow":["GET"]}}],"collection":[{"href":"https:\/\/capazurmobilite.com\/index.php?rest_route=\/wp\/v2\/pages"}],"about":[{"href":"https:\/\/capazurmobilite.com\/index.php?rest_route=\/wp\/v2\/types\/page"}],"author":[{"embeddable":true,"href":"https:\/\/capazurmobilite.com\/index.php?rest_route=\/wp\/v2\/users\/1"}],"replies":[{"embeddable":true,"href":"https:\/\/capazurmobilite.com\/index.php?rest_route=%2Fwp%2Fv2%2Fcomments&post=291"}],"version-history":[{"count":4,"href":"https:\/\/capazurmobilite.com\/index.php?rest_route=\/wp\/v2\/pages\/291\/revisions"}],"predecessor-version":[{"id":631,"href":"https:\/\/capazurmobilite.com\/index.php?rest_route=\/wp\/v2\/pages\/291\/revisions\/631"}],"wp:attachment":[{"href":"https:\/\/capazurmobilite.com\/index.php?rest_route=%2Fwp%2Fv2%2Fmedia&parent=291"}],"curies":[{"name":"wp","href":"https:\/\/api.w.org\/{rel}","templated":true}]}}